{"id":110,"date":"2015-11-12T17:03:56","date_gmt":"2015-11-12T17:03:56","guid":{"rendered":"https:\/\/genevrier.com\/en\/hebergement-chalet\/"},"modified":"2024-05-28T13:33:56","modified_gmt":"2024-05-28T13:33:56","slug":"hebergement-chalet","status":"publish","type":"page","link":"https:\/\/genevrier.com\/en\/hebergement-chalet\/","title":{"rendered":"Lodging &#8211; cottage"},"content":{"rendered":"","protected":false},"excerpt":{"rendered":"","protected":false},"author":1,"featured_media":0,"parent":0,"menu_order":0,"comment_status":"closed","ping_status":"closed","template":"templates\/lodging_chalet.php","meta":{"footnotes":""},"class_list":["post-110","page","type-page","status-publish","hentry"],"yoast_head":"<!-- This site is optimized with the Yoast SEO plugin v17.5 - https:\/\/yoast.com\/wordpress\/plugins\/seo\/ -->\n<meta name=\"description\" content=\"Le Gen\u00e9vrier est l\u2019endroit par excellence pour un s\u00e9jour \u00e0 Baie-Saint-Paul, dans Charlevoix, pour la qualit\u00e9 de son h\u00e9bergement en camping ou en chalet, la diversit\u00e9 de ses activit\u00e9s et le confort de ses installations.\" \/>\n<meta name=\"robots\" content=\"index, follow, max-snippet:-1, max-image-preview:large, max-video-preview:-1\" \/>\n<link rel=\"canonical\" href=\"https:\/\/genevrier.com\/en\/hebergement-chalet\/\" \/>\n<meta property=\"og:locale\" content=\"en_US\" \/>\n<meta property=\"og:type\" content=\"article\" \/>\n<meta property=\"og:title\" content=\"Lodging - cottage - Gen\u00e9vrier\" \/>\n<meta property=\"og:description\" content=\"Le Gen\u00e9vrier est l\u2019endroit par excellence pour un s\u00e9jour \u00e0 Baie-Saint-Paul, dans Charlevoix, pour la qualit\u00e9 de son h\u00e9bergement en camping ou en chalet, la diversit\u00e9 de ses activit\u00e9s et le confort de ses installations.\" \/>\n<meta property=\"og:url\" content=\"https:\/\/genevrier.com\/en\/hebergement-chalet\/\" \/>\n<meta property=\"og:site_name\" content=\"Gen\u00e9vrier\" \/>\n<meta property=\"article:modified_time\" content=\"2024-05-28T13:33:56+00:00\" \/>\n<meta property=\"og:image\" content=\"https:\/\/genevrier.com\/wp-content\/uploads\/2016\/01\/logo_summer.png\" \/>\n\t<meta property=\"og:image:width\" content=\"281\" \/>\n\t<meta property=\"og:image:height\" content=\"139\" \/>\n<meta name=\"twitter:card\" content=\"summary\" \/>\n<script type=\"application\/ld+json\" class=\"yoast-schema-graph\">{\"@context\":\"https:\/\/schema.org\",\"@graph\":[{\"@type\":\"WebSite\",\"@id\":\"https:\/\/genevrier.com\/en\/#website\",\"url\":\"https:\/\/genevrier.com\/en\/\",\"name\":\"Gen\\u00e9vrier\",\"description\":\"Le Gen\\u00e9vrier camping et h\\u00e9bergement chalet\",\"potentialAction\":[{\"@type\":\"SearchAction\",\"target\":{\"@type\":\"EntryPoint\",\"urlTemplate\":\"https:\/\/genevrier.com\/en\/?s={search_term_string}\"},\"query-input\":\"required name=search_term_string\"}],\"inLanguage\":\"en-US\"},{\"@type\":\"WebPage\",\"@id\":\"https:\/\/genevrier.com\/en\/hebergement-chalet\/#webpage\",\"url\":\"https:\/\/genevrier.com\/en\/hebergement-chalet\/\",\"name\":\"Lodging - cottage - Gen\\u00e9vrier\",\"isPartOf\":{\"@id\":\"https:\/\/genevrier.com\/en\/#website\"},\"datePublished\":\"2015-11-12T17:03:56+00:00\",\"dateModified\":\"2024-05-28T13:33:56+00:00\",\"description\":\"Le Gen\\u00e9vrier est l\\u2019endroit par excellence pour un s\\u00e9jour \\u00e0 Baie-Saint-Paul, dans Charlevoix, pour la qualit\\u00e9 de son h\\u00e9bergement en camping ou en chalet, la diversit\\u00e9 de ses activit\\u00e9s et le confort de ses installations.\",\"breadcrumb\":{\"@id\":\"https:\/\/genevrier.com\/en\/hebergement-chalet\/#breadcrumb\"},\"inLanguage\":\"en-US\",\"potentialAction\":[{\"@type\":\"ReadAction\",\"target\":[\"https:\/\/genevrier.com\/en\/hebergement-chalet\/\"]}]},{\"@type\":\"BreadcrumbList\",\"@id\":\"https:\/\/genevrier.com\/en\/hebergement-chalet\/#breadcrumb\",\"itemListElement\":[{\"@type\":\"ListItem\",\"position\":1,\"name\":\"Accueil\",\"item\":\"https:\/\/genevrier.com\/en\/\"},{\"@type\":\"ListItem\",\"position\":2,\"name\":\"Lodging &#8211; cottage\"}]}]}<\/script>\n<!-- \/ Yoast SEO plugin. -->","yoast_head_json":{"description":"Le Gen\u00e9vrier est l\u2019endroit par excellence pour un s\u00e9jour \u00e0 Baie-Saint-Paul, dans Charlevoix, pour la qualit\u00e9 de son h\u00e9bergement en camping ou en chalet, la diversit\u00e9 de ses activit\u00e9s et le confort de ses installations.","robots":{"index":"index","follow":"follow","max-snippet":"max-snippet:-1","max-image-preview":"max-image-preview:large","max-video-preview":"max-video-preview:-1"},"canonical":"https:\/\/genevrier.com\/en\/hebergement-chalet\/","og_locale":"en_US","og_type":"article","og_title":"Lodging - cottage - Gen\u00e9vrier","og_description":"Le Gen\u00e9vrier est l\u2019endroit par excellence pour un s\u00e9jour \u00e0 Baie-Saint-Paul, dans Charlevoix, pour la qualit\u00e9 de son h\u00e9bergement en camping ou en chalet, la diversit\u00e9 de ses activit\u00e9s et le confort de ses installations.","og_url":"https:\/\/genevrier.com\/en\/hebergement-chalet\/","og_site_name":"Gen\u00e9vrier","article_modified_time":"2024-05-28T13:33:56+00:00","og_image":[{"width":281,"height":139,"url":"https:\/\/genevrier.com\/wp-content\/uploads\/2016\/01\/logo_summer.png","type":"image\/png"}],"twitter_card":"summary","schema":{"@context":"https:\/\/schema.org","@graph":[{"@type":"WebSite","@id":"https:\/\/genevrier.com\/en\/#website","url":"https:\/\/genevrier.com\/en\/","name":"Gen\u00e9vrier","description":"Le Gen\u00e9vrier camping et h\u00e9bergement chalet","potentialAction":[{"@type":"SearchAction","target":{"@type":"EntryPoint","urlTemplate":"https:\/\/genevrier.com\/en\/?s={search_term_string}"},"query-input":"required name=search_term_string"}],"inLanguage":"en-US"},{"@type":"WebPage","@id":"https:\/\/genevrier.com\/en\/hebergement-chalet\/#webpage","url":"https:\/\/genevrier.com\/en\/hebergement-chalet\/","name":"Lodging - cottage - Gen\u00e9vrier","isPartOf":{"@id":"https:\/\/genevrier.com\/en\/#website"},"datePublished":"2015-11-12T17:03:56+00:00","dateModified":"2024-05-28T13:33:56+00:00","description":"Le Gen\u00e9vrier est l\u2019endroit par excellence pour un s\u00e9jour \u00e0 Baie-Saint-Paul, dans Charlevoix, pour la qualit\u00e9 de son h\u00e9bergement en camping ou en chalet, la diversit\u00e9 de ses activit\u00e9s et le confort de ses installations.","breadcrumb":{"@id":"https:\/\/genevrier.com\/en\/hebergement-chalet\/#breadcrumb"},"inLanguage":"en-US","potentialAction":[{"@type":"ReadAction","target":["https:\/\/genevrier.com\/en\/hebergement-chalet\/"]}]},{"@type":"BreadcrumbList","@id":"https:\/\/genevrier.com\/en\/hebergement-chalet\/#breadcrumb","itemListElement":[{"@type":"ListItem","position":1,"name":"Accueil","item":"https:\/\/genevrier.com\/en\/"},{"@type":"ListItem","position":2,"name":"Lodging &#8211; cottage"}]}]}},"_links":{"self":[{"href":"https:\/\/genevrier.com\/en\/wp-json\/wp\/v2\/pages\/110","targetHints":{"allow":["GET"]}}],"collection":[{"href":"https:\/\/genevrier.com\/en\/wp-json\/wp\/v2\/pages"}],"about":[{"href":"https:\/\/genevrier.com\/en\/wp-json\/wp\/v2\/types\/page"}],"author":[{"embeddable":true,"href":"https:\/\/genevrier.com\/en\/wp-json\/wp\/v2\/users\/1"}],"replies":[{"embeddable":true,"href":"https:\/\/genevrier.com\/en\/wp-json\/wp\/v2\/comments?post=110"}],"version-history":[{"count":9,"href":"https:\/\/genevrier.com\/en\/wp-json\/wp\/v2\/pages\/110\/revisions"}],"predecessor-version":[{"id":1830,"href":"https:\/\/genevrier.com\/en\/wp-json\/wp\/v2\/pages\/110\/revisions\/1830"}],"wp:attachment":[{"href":"https:\/\/genevrier.com\/en\/wp-json\/wp\/v2\/media?parent=110"}],"curies":[{"name":"wp","href":"https:\/\/api.w.org\/{rel}","templated":true}]}}